{"id":237454,"date":"2024-07-25T20:19:27","date_gmt":"2024-07-25T18:19:27","guid":{"rendered":"https:\/\/solcoworking.com\/?page_id=237454"},"modified":"2024-08-26T11:38:59","modified_gmt":"2024-08-26T09:38:59","slug":"politica-de-cookies","status":"publish","type":"page","link":"https:\/\/solcoworking.com\/en\/politica-de-cookies\/","title":{"rendered":"Cookies Policy"},"content":{"rendered":"<p>[et_pb_section fb_built=\u00bb1&#8243; _builder_version=\u00bb4.27.0&#8243; _module_preset=\u00bbdefault\u00bb global_colors_info=\u00bb{}\u00bb][et_pb_row _builder_version=\u00bb4.27.0&#8243; _module_preset=\u00bbdefault\u00bb global_colors_info=\u00bb{}\u00bb][et_pb_column type=\u00bb4_4&#8243; _builder_version=\u00bb4.27.0&#8243; _module_preset=\u00bbdefault\u00bb global_colors_info=\u00bb{}\u00bb][et_pb_text _builder_version=\u00bb4.27.0&#8243; _dynamic_attributes=\u00bbcontent\u00bb _module_preset=\u00bbdefault\u00bb text_orientation=\u00bbcenter\u00bb global_colors_info=\u00bb{}\u00bb]@ET-DC@eyJkeW5hbWljIjp0cnVlLCJjb250ZW50IjoicG9zdF90aXRsZSIsInNldHRpbmdzIjp7ImJlZm9yZSI6IjxIMT4iLCJhZnRlciI6IjwvSDE+In19@[\/et_pb_text][et_pb_text _builder_version=\u00bb4.27.0&#8243; _module_preset=\u00bbdefault\u00bb hover_enabled=\u00bb0&#8243; global_colors_info=\u00bb{}\u00bb sticky_enabled=\u00bb0&#8243;]<\/p>\n<p>&nbsp;<\/p>\n<p>&nbsp;<\/p>\n<p>On this website, we use third-party and our own cookies to ensure that you have a\nbetter browsing experience, to allow you to share content on social media, and so that\nwe can gather user statistics.<\/p>\n<p>You can prevent the download of cookies through your browser settings, stopping\ncookies from being stored on your device.<\/p>\n<p>As the owner of this website, I inform you that we do not use any personal information\nfrom cookies. We only perform general visit statistics that do not include any personal\ninformation.<\/p>\n<p>It&#039;s very important that you read this cookie policy and understand that only the\nnecessary cookies for browsing will be stored on your device. All other cookies will be\ninstalled only if you expressly consent to it.<\/p>\n<p>In accordance with the terms set out in Article 22.2 of Law 34\/2002 on Information\nSociety Services and Electronic Commerce, if you continue browsing, you will be giving\nyour consent to the use of the aforementioned mechanisms.<\/p>\n<p><strong><u>Responsible Entity<\/u><\/strong><\/p>\n<p>The entity responsible for the collection, processing, and use of your personal data, as\ndefined by the Personal Data Protection Law, is the website, owned by CARMEN MU\u00d1OZ CHAMORRO (SOL COWORKING), and located at C\/ NUEVA 26 BAJO 2.<\/p>\n<p><strong><u>What are cookies?<\/u><\/strong><\/p>\n<p>Cookies are a set of data that a server places in the user&#039;s browser to collect standard\ninternet registration information and visitor behavior information on a website. In\nother words, they are small text files that are stored on the computer&#039;s hard drive and\nserve to identify the user when they connect to the website again. Their purpose is to\nrecord the user&#039;s visit and save certain information. Their use is common and frequent\non the web as it allows pages to operate more efficiently and achieve greater\ncustomization and analysis of user behavior.<\/p>\n<p><strong><u>What types of cookies are there?<\/u><\/strong><\/p>\n<p>The cookies used on our website are session and third-party cookies, and they allow us\nto store and access information about the language, the type of browser used, and\nother general characteristics predefined by the user. Also, to track and analyze the\nactivity carried out to introduce improvements and provide our services in a more\nefficient and personalized way.<\/p>\n<p>Based on their duration, cookies can be divided into session or permanent cookies.\nThose that expire when the user closes the browser. Those that expire depending on\nwhen their purpose is met (for example, to keep the user identified in [COMPANY\nNAME] services) or when they are manually deleted.<\/p>\n<p>Additionally, based on their purpose, cookies can be classified as follows:<\/p>\n<table width=\"100%\" style=\"width: 100%;\">\n<tbody>\n<tr>\n<td style=\"width: 18.9125%;\"><strong>Name<\/strong><\/td>\n<td style=\"width: 17.2577%;\"><strong>Type<\/strong><\/td>\n<td style=\"width: 21.513%;\"><strong>Expiration<\/strong><\/td>\n<td style=\"width: 27.6596%;\"><strong>Pupouse<\/strong><\/td>\n<td style=\"width: 11.3475%;\"><strong>Class<\/strong><\/td>\n<\/tr>\n<tr>\n<td style=\"width: 18.9125%;\">\n<p>\u00a0<span style=\"font-size: 15px;\">Cookieyes-consent<\/span><\/p>\n<\/td>\n<td style=\"width: 17.2577%;\"><\/td>\n<td style=\"width: 21.513%;\">1 year<\/td>\n<td style=\"width: 27.6596%;\">\n<p>Consent<span style=\"font-size: 15px;\">\u00a0<\/span><\/p>\n<\/td>\n<td style=\"width: 11.3475%;\"><\/td>\n<\/tr>\n<tr>\n<td style=\"width: 18.9125%;\">_ga_*<\/td>\n<td style=\"width: 17.2577%;\">\n<p>Analytic<\/p>\n<\/td>\n<td style=\"width: 21.513%;\">\n<p>1 year 1 month 4 days<\/p>\n<\/td>\n<td style=\"width: 27.6596%;\">\n<p>\u00a0Analytic<\/p>\n<\/td>\n<td style=\"width: 11.3475%;\"><\/td>\n<\/tr>\n<tr>\n<td style=\"width: 18.9125%;\">\n<p>_ga<\/p>\n<\/td>\n<td style=\"width: 17.2577%;\">\n<p>Analytic<\/p>\n<\/td>\n<td style=\"width: 21.513%;\">\n<p>1 year 1 month 4 days<\/p>\n<\/td>\n<td style=\"width: 27.6596%;\">\n<p>\u00a0Analytic<\/p>\n<\/td>\n<td style=\"width: 11.3475%;\"><\/td>\n<\/tr>\n<\/tbody>\n<\/table>\n<p>&nbsp;<\/p>\n<p><strong>Performance Cookies<\/strong><\/p>\n<p>This type of Cookie remembers your preferences for the tools found within services, so\nyou don&#039;t have to reconfigure the service every time you visit. For example, this\ncategory includes: Volume settings of video or audio players. Video transmission\nspeeds that are compatible with your browser. Items saved in the &quot;shopping cart&quot; in e-\ncommerce services such as stores.<\/p>\n<p><strong>Geo-location Cookies<\/strong><\/p>\n<p>These cookies are used to determine which country you are in when requesting a\nservice. This cookie is completely anonymous and is only used to help tailor the\ncontent to your location.<\/p>\n<p><strong>Registration Cookies<\/strong><\/p>\n<p>Registration cookies are generated once the user has registered or subsequently\nlogged in, and they are used to identify them within the services with the following\nobjectives:<\/p>\n<ul>\n<li>To keep the user identified so that if they close a service, the browser, or the\ncomputer, and at another time or another day they re-enter that service, they will\nremain identified, thus facilitating their navigation without having to identify\nthemselves again. This functionality can be eliminated if the user clicks the [log out]\nfunction, so this cookie is deleted, and the next time they enter the service, the user\nwill have to log in to be identified.<\/li>\n<li>To check if the user is authorized to access certain services, for example, to participate\nin a contest.<\/li>\n<\/ul>\n<p>Additionally, some services may use connectors with social networks such as Facebook\nor Twitter. When the user registers for a service with credentials from a social\nnetwork, they authorize the social network to save a persistent Cookie that\nremembers their identity and ensures access to the services until it expires. The user\ncan delete this Cookie and revoke access to services through social networks by\nupdating their preferences on the specific social network.<\/p>\n<p><strong>Analytical Cookies<\/strong><\/p>\n<p>Every time a user visits a service, a tool from an external provider generates an\nanalytical cookie on the user's computer. This cookie, which is only generated during\nthe visit, will be used in future visits to services to CARMEN MU\u00d1OZ CHAMORRO (SOL COWORKING) anonymously\nidentify the visitor. The main objectives pursued are:<\/p>\n<ul>\n<li>To allow the anonymous identification of browsing users through the cookie (it\nidentifies browsers and devices, not individuals) and therefore the approximate count\nof the number of visitors and their trend over time.<\/li>\n<li>Identificar de forma an\u00f3nima los contenidos m\u00e1s visitados y por lo tanto m\u00e1s atractivos para los usuarios saber si el usuario que est\u00e1 accediendo es nuevo o repite visita.<\/li>\n<\/ul>\n<p>Important: Unless the user decides to register for a CARMEN MU\u00d1OZ CHAMORRO (SOL COWORKING), service, the\ncookie will never be associated with any personal data that can identify them. These\ncookies will only be used for statistical purposes that help optimize the user\nexperience on the site.<\/p>\n<p><strong>Advertising Cookies<\/strong><\/p>\n<p>This type of cookie allows us to expand the information on the ads shown to each\nanonymous user in the CARMEN MU\u00d1OZ CHAMORRO (SOL COWORKING)  services. Among other things, they store the\nduration or frequency of viewing of advertising positions, the interaction with them, or\nthe browsing patterns and\/or behaviors of the user as they help shape an advertising\ninterest profile. In this way, they allow the offering of advertising in line with the user's\ninterests.<\/p>\n<p><strong>Third-Party Advertising Cookies<\/strong><\/p>\n<p>In addition to the advertising managed by  CARMEN MU\u00d1OZ CHAMORRO (SOL COWORKING) websites in their\nservices,  CARMEN MU\u00d1OZ CHAMORRO (SOL COWORKING) websites offer their advertisers the option of serving ads\nthrough third parties (\"Ad-Servers\"). Thus, these third parties can store cookies sent\nfrom  CARMEN MU\u00d1OZ CHAMORRO (SOL COWORKING) services from users' browsers, as well as access the data\nstored in them.<\/p>\n<p><strong><u>How can I disable cookies in my browser?<\/u><\/strong><\/p>\n<p>You can configure different browsers to notify the user of the receipt of cookies and, if\ndesired, prevent their installation on the computer. Also, users can check in their\nbrowser which cookies are installed and what their expiration date is, and they can\ndelete them.<\/p>\n<p>For more information, please consult the instructions and manuals of your browser:<\/p>\n<ul>\n<li><a href=\"https:\/\/support.google.com\/chrome\/answer\/95647?hl=es\">Google Chrome<\/a><\/li>\n<li><a href=\"https:\/\/support.microsoft.com\/en-us\/windows\/delete-and-manage-cookies-%20168dab11-0753-043d-7c16- ede5947fc64d#:~:text=In%20Internet%20Explorer%2C%20select%20the,or%20 ask%20you%20every%20time .\">Internet Explore<\/a><\/li>\n<li><a href=\"http:\/\/windows.microsoft.com\/en-us\/windows-vista\/cookies-frequently-asked-%20questions\">Mozilla Firefox<\/a><\/li>\n<li><a href=\"http:\/\/www.apple.com\/en\/privacy\/use-of-cookies\/\">Safari<\/a><\/li>\n<li><a href=\"http:\/\/help.opera.com\/Windows\/11.50\/en-US\/cookies.html\">Opera<\/a><\/li>\n<li>If you want to stop being tracked by Google Analytics visit: here<\/li>\n<\/ul>\n<p>[\/et_pb_text][\/et_pb_column][\/et_pb_row][\/et_pb_section]<\/p>","protected":false},"excerpt":{"rendered":"<p>&nbsp; &nbsp; En esta web se utilizan cookies de terceros y propias para conseguir que tengas una mejor experiencia de navegaci\u00f3n, puedas compartir contenido en redes sociales y para que podamos obtener estad\u00edsticas de los usuarios. Puedes evitar la descarga de cookies a trav\u00e9s de la configuraci\u00f3n de tu navegador, evitando que las cookies se [&hellip;]<\/p>","protected":false},"author":1,"featured_media":0,"parent":0,"menu_order":0,"comment_status":"closed","ping_status":"closed","template":"","meta":{"_et_pb_use_builder":"on","_et_pb_old_content":"","_et_gb_content_width":"","footnotes":""},"class_list":["post-237454","page","type-page","status-publish","hentry"],"yoast_head":"<!-- This site is optimized with the Yoast SEO plugin v23.5 - https:\/\/yoast.com\/wordpress\/plugins\/seo\/ -->\n<title>Pol\u00edtica de cookies - SOL Coworking<\/title>\n<meta name=\"robots\" content=\"index, follow, max-snippet:-1, max-image-preview:large, max-video-preview:-1\" \/>\n<link rel=\"canonical\" href=\"https:\/\/solcoworking.com\/en\/politica-de-cookies\/\" \/>\n<meta property=\"og:locale\" content=\"en_GB\" \/>\n<meta property=\"og:type\" content=\"article\" \/>\n<meta property=\"og:title\" content=\"Pol\u00edtica de cookies - SOL Coworking\" \/>\n<meta property=\"og:description\" content=\"&nbsp; &nbsp; En esta web se utilizan cookies de terceros y propias para conseguir que tengas una mejor experiencia de navegaci\u00f3n, puedas compartir contenido en redes sociales y para que podamos obtener estad\u00edsticas de los usuarios. Puedes evitar la descarga de cookies a trav\u00e9s de la configuraci\u00f3n de tu navegador, evitando que las cookies se [&hellip;]\" \/>\n<meta property=\"og:url\" content=\"https:\/\/solcoworking.com\/en\/politica-de-cookies\/\" \/>\n<meta property=\"og:site_name\" content=\"SOL Coworking\" \/>\n<meta property=\"article:modified_time\" content=\"2024-08-26T09:38:59+00:00\" \/>\n<meta name=\"twitter:card\" content=\"summary_large_image\" \/>\n<meta name=\"twitter:label1\" content=\"Estimated reading time\" \/>\n\t<meta name=\"twitter:data1\" content=\"6 minutes\" \/>\n<script type=\"application\/ld+json\" class=\"yoast-schema-graph\">{\"@context\":\"https:\/\/schema.org\",\"@graph\":[{\"@type\":\"WebPage\",\"@id\":\"https:\/\/solcoworking.com\/politica-de-cookies\/\",\"url\":\"https:\/\/solcoworking.com\/politica-de-cookies\/\",\"name\":\"Pol\u00edtica de cookies - SOL Coworking\",\"isPartOf\":{\"@id\":\"https:\/\/solcoworking.com\/#website\"},\"datePublished\":\"2024-07-25T18:19:27+00:00\",\"dateModified\":\"2024-08-26T09:38:59+00:00\",\"breadcrumb\":{\"@id\":\"https:\/\/solcoworking.com\/politica-de-cookies\/#breadcrumb\"},\"inLanguage\":\"en-GB\",\"potentialAction\":[{\"@type\":\"ReadAction\",\"target\":[\"https:\/\/solcoworking.com\/politica-de-cookies\/\"]}]},{\"@type\":\"BreadcrumbList\",\"@id\":\"https:\/\/solcoworking.com\/politica-de-cookies\/#breadcrumb\",\"itemListElement\":[{\"@type\":\"ListItem\",\"position\":1,\"name\":\"Portada\",\"item\":\"https:\/\/solcoworking.com\/\"},{\"@type\":\"ListItem\",\"position\":2,\"name\":\"Pol\u00edtica de cookies\"}]},{\"@type\":\"WebSite\",\"@id\":\"https:\/\/solcoworking.com\/#website\",\"url\":\"https:\/\/solcoworking.com\/\",\"name\":\"SOL Coworking\",\"description\":\"Mucho m\u00e1s que un lugar de trabajo\",\"potentialAction\":[{\"@type\":\"SearchAction\",\"target\":{\"@type\":\"EntryPoint\",\"urlTemplate\":\"https:\/\/solcoworking.com\/?s={search_term_string}\"},\"query-input\":{\"@type\":\"PropertyValueSpecification\",\"valueRequired\":true,\"valueName\":\"search_term_string\"}}],\"inLanguage\":\"en-GB\"}]}<\/script>\n<!-- \/ Yoast SEO plugin. -->","yoast_head_json":{"title":"Pol\u00edtica de cookies - SOL Coworking","robots":{"index":"index","follow":"follow","max-snippet":"max-snippet:-1","max-image-preview":"max-image-preview:large","max-video-preview":"max-video-preview:-1"},"canonical":"https:\/\/solcoworking.com\/en\/politica-de-cookies\/","og_locale":"en_GB","og_type":"article","og_title":"Pol\u00edtica de cookies - SOL Coworking","og_description":"&nbsp; &nbsp; En esta web se utilizan cookies de terceros y propias para conseguir que tengas una mejor experiencia de navegaci\u00f3n, puedas compartir contenido en redes sociales y para que podamos obtener estad\u00edsticas de los usuarios. Puedes evitar la descarga de cookies a trav\u00e9s de la configuraci\u00f3n de tu navegador, evitando que las cookies se [&hellip;]","og_url":"https:\/\/solcoworking.com\/en\/politica-de-cookies\/","og_site_name":"SOL Coworking","article_modified_time":"2024-08-26T09:38:59+00:00","twitter_card":"summary_large_image","twitter_misc":{"Estimated reading time":"6 minutes"},"schema":{"@context":"https:\/\/schema.org","@graph":[{"@type":"WebPage","@id":"https:\/\/solcoworking.com\/politica-de-cookies\/","url":"https:\/\/solcoworking.com\/politica-de-cookies\/","name":"Pol\u00edtica de cookies - SOL Coworking","isPartOf":{"@id":"https:\/\/solcoworking.com\/#website"},"datePublished":"2024-07-25T18:19:27+00:00","dateModified":"2024-08-26T09:38:59+00:00","breadcrumb":{"@id":"https:\/\/solcoworking.com\/politica-de-cookies\/#breadcrumb"},"inLanguage":"en-GB","potentialAction":[{"@type":"ReadAction","target":["https:\/\/solcoworking.com\/politica-de-cookies\/"]}]},{"@type":"BreadcrumbList","@id":"https:\/\/solcoworking.com\/politica-de-cookies\/#breadcrumb","itemListElement":[{"@type":"ListItem","position":1,"name":"Portada","item":"https:\/\/solcoworking.com\/"},{"@type":"ListItem","position":2,"name":"Pol\u00edtica de cookies"}]},{"@type":"WebSite","@id":"https:\/\/solcoworking.com\/#website","url":"https:\/\/solcoworking.com\/","name":"SOL Coworking","description":"Mucho m\u00e1s que un lugar de trabajo","potentialAction":[{"@type":"SearchAction","target":{"@type":"EntryPoint","urlTemplate":"https:\/\/solcoworking.com\/?s={search_term_string}"},"query-input":{"@type":"PropertyValueSpecification","valueRequired":true,"valueName":"search_term_string"}}],"inLanguage":"en-GB"}]}},"_links":{"self":[{"href":"https:\/\/solcoworking.com\/en\/wp-json\/wp\/v2\/pages\/237454","targetHints":{"allow":["GET"]}}],"collection":[{"href":"https:\/\/solcoworking.com\/en\/wp-json\/wp\/v2\/pages"}],"about":[{"href":"https:\/\/solcoworking.com\/en\/wp-json\/wp\/v2\/types\/page"}],"author":[{"embeddable":true,"href":"https:\/\/solcoworking.com\/en\/wp-json\/wp\/v2\/users\/1"}],"replies":[{"embeddable":true,"href":"https:\/\/solcoworking.com\/en\/wp-json\/wp\/v2\/comments?post=237454"}],"version-history":[{"count":7,"href":"https:\/\/solcoworking.com\/en\/wp-json\/wp\/v2\/pages\/237454\/revisions"}],"predecessor-version":[{"id":237825,"href":"https:\/\/solcoworking.com\/en\/wp-json\/wp\/v2\/pages\/237454\/revisions\/237825"}],"wp:attachment":[{"href":"https:\/\/solcoworking.com\/en\/wp-json\/wp\/v2\/media?parent=237454"}],"curies":[{"name":"wp","href":"https:\/\/api.w.org\/{rel}","templated":true}]}}