{"id":237450,"date":"2024-07-25T20:16:20","date_gmt":"2024-07-25T18:16:20","guid":{"rendered":"https:\/\/solcoworking.com\/?page_id=237450"},"modified":"2024-08-25T20:00:07","modified_gmt":"2024-08-25T18:00:07","slug":"politica-de-privacidad","status":"publish","type":"page","link":"https:\/\/solcoworking.com\/en\/politica-de-privacidad\/","title":{"rendered":"Privacy Policy"},"content":{"rendered":"<p>[et_pb_section fb_built=\u00bb1&#8243; _builder_version=\u00bb4.27.0&#8243; _module_preset=\u00bbdefault\u00bb global_colors_info=\u00bb{}\u00bb][et_pb_row _builder_version=\u00bb4.27.0&#8243; _module_preset=\u00bbdefault\u00bb global_colors_info=\u00bb{}\u00bb][et_pb_column type=\u00bb4_4&#8243; _builder_version=\u00bb4.27.0&#8243; _module_preset=\u00bbdefault\u00bb global_colors_info=\u00bb{}\u00bb][et_pb_text _builder_version=\u00bb4.27.0&#8243; _dynamic_attributes=\u00bbcontent\u00bb _module_preset=\u00bbdefault\u00bb text_orientation=\u00bbcenter\u00bb global_colors_info=\u00bb{}\u00bb]@ET-DC@eyJkeW5hbWljIjp0cnVlLCJjb250ZW50IjoicG9zdF90aXRsZSIsInNldHRpbmdzIjp7ImJlZm9yZSI6IjxIMT4iLCJhZnRlciI6IjwvaDE+In19@[\/et_pb_text][et_pb_text _builder_version=\u00bb4.27.0&#8243; _module_preset=\u00bbdefault\u00bb global_colors_info=\u00bb{}\u00bb]<\/p>\n<p>This privacy policy governs the use of the Internet portal with address. Here is the responsible party for identification purposes:<\/p>\n<ul>\n<li>Responsible: CARMEN MU\u00d1OZ CHAMORRO (SOL COWORKING)<\/li>\n<li>Tax ID: NIF: 74921655Y<\/li>\n<li>Address: C\/ NUEVA 26 BAJO 2<\/li>\n<li>Phone 661563620<\/li>\n<li>Mail: INFO@SOLCOWORKING.COM<\/li>\n<\/ul>\n<p><strong><u>Purpose, Why do we process your data?<\/u><\/strong><\/p>\n<p>For the purposes provided for in the GDPR of April 27, 2016, and LO 3\/2018, we will process\nthe data we collect for the following purposes:<\/p>\n<ul>\n<li>To contact you if you request it from us.<\/li>\n<li>To manage your navigation on the website, where applicable.<\/li>\n<li>To send you commercial communications about our products and services.<\/li>\n<\/ul>\n<p>For this, the user will have a registration form, the completion of which will legitimize the\ninterested party to access and enjoy certain services offered on the website.<\/p>\n<p>However, the user is informed that on every contact form, they will be informed about the use\nthat will be made of the obtained data, and if they are used for a different purpose, such consent\nwill be obtained previously and expressly.<\/p>\n<p>If the interested party's consent is given in the context of a written declaration that also concerns\nother matters, the request for consent will be presented in such a way that it clearly\ndistinguishes from the other matters, in an intelligible and easily accessible form, using clear\nand simple language, in accordance with article 7.2 of the GDPR of April 27, 2016.<\/p>\n<p><strong><u>Legitimation, What is the legal basis for processing your data?<\/u><\/strong><\/p>\n<p>The legal basis for processing your data will be based on:<\/p>\n<ul>\n<li>The consent of the data subject for the processing of their data, in accordance with Article\n6.1.a) of the General Data Protection Regulation (GDPR).<\/li>\n<li>The necessary execution of a contract in which the data subject is a party, or for the\napplication of pre-contractual measures at the request of the data subject, in accordance\nwith Article 6.1.b) of the General Data Protection Regulation (GDPR).<\/li>\n<\/ul>\n<p><strong><u>Recipients: To whom do we disclose your data?<\/u><\/strong><\/p>\n<p>Personal data will not be subject to transfer except in compliance with legally established\nobligations or to support services related to this processing.<\/p>\n<p><strong><u>Retention, How long do we keep your data?<\/u><\/strong><\/p>\n<p>We will retain your personal data for at least 5 years if you are a customer and strictly for\ncompliance with legal obligations set out in the regulations.<\/p>\n<p>If you are not a customer, we will keep your data for the minimum time necessary to manage our\nrelationship.<\/p>\n<p><strong><u>Rights, What are your rights when you provide us with your data?<\/u><\/strong><\/p>\n<p>Any individual has the right to obtain confirmation on whether personal data concerning him or\nher is being processed.<\/p>\n<p>Interested parties have the right to access their personal data, as well as to request the\nrectification of inaccurate data or, if applicable, request its deletion when, among other reasons,\nthe data is no longer necessary for the purposes for which it was collected.<\/p>\n<p>In certain circumstances, interested parties may request the limitation of the processing of their\ndata, in which case we will only keep it for the exercise or defense of claims.<\/p>\n<p>In certain circumstances and for reasons related to their particular situation, interested parties\nmay object to the processing of their data. In such a case, the data will no longer be processed,\nexcept for legitimate reasons or for the exercise or defense of potential claims.<\/p>\n<p>Interested parties may request data portability to obtain the data they have provided in a\nstructured, commonly used, and machine-readable format, to be downloaded by themselves or\ntransmitted to another entity.<\/p>\n<p>The interested party can exercise their rights by sending an email to the email address INFO@SOLCOWORKING.COM,or if applicable to the physical address C\/ NUEVA 26 BAJO 2.<\/p>\n<p><strong><u>Consent for Minors: What if you are under age?<\/u><\/strong><\/p>\n<p>In the event that some of our services are specifically targeted at children under the age of\nfourteen, we will request the consent of parents or guardians for the collection of personal data,\nor, as applicable, for the automated processing of data in accordance with Article 7 of the LO\n3\/2018.<\/p>\n<p><strong><u>Accuracy, Truthfulness, and Data Security: How do we handle your data?<\/u><\/strong><\/p>\n<p>The User is solely responsible for the accuracy and correctness of the data provided, and we\nare released from any liability in this regard. Users guarantee and respond, in any case, for the\naccuracy, currency, and authenticity of the personal data provided, and undertake to keep them\nduly updated. The user agrees to provide complete and correct information in the registration or\nsubscription forms. We will not be responsible for the accuracy of information that is not of our\nown creation and is indicated as coming from another source, and therefore, we do not assume\nany responsibility for any potential harm that may arise from the use of such information.<\/p>\n<p>We also reserve the right to update, modify, or delete the information contained on the website,\nand may even limit or not allow access to such information. We will not be liable for any damage\nor harm that the User may suffer as a result of errors, defects, or omissions in the information\nprovided by the responsible party when it comes from external sources.<\/p>\n<p>The data will be treated confidentially and subject to appropriate technical and organizational\nsecurity measures to prevent alteration, loss, unauthorized processing, or access.<\/p>\n<p>You may file a complaint with the Spanish Data Protection Agency, especially when you have\nnot obtained satisfaction in the exercise of your rights, at the postal and\/or email address\nindicated on the website www.aepd.es.<\/p>\n<p>&nbsp;<\/p>\n<p>&nbsp;<\/p>\n<p>[\/et_pb_text][\/et_pb_column][\/et_pb_row][\/et_pb_section]<\/p>","protected":false},"excerpt":{"rendered":"<p>La presente Pol\u00edtica de Privacidad regula el uso del servicio del portal de Internet con direcci\u00f3n , cuyo responsable a efectos identificativos es: Responsable: CARMEN MU\u00d1OZ CHAMORRO (SOL COWORKING) NIF: 74921655Y Direcci\u00f3n: C\/ NUEVA 26 BAJO 2 Tel\u00e9fono: 661563620 Mail: INFO@SOLCOWORKING.COM Finalidad, \u00bfPara qu\u00e9 tratamos sus datos? A efecto de lo previsto en RGPD de [&hellip;]<\/p>","protected":false},"author":1,"featured_media":0,"parent":0,"menu_order":0,"comment_status":"closed","ping_status":"closed","template":"","meta":{"_et_pb_use_builder":"on","_et_pb_old_content":"","_et_gb_content_width":"","footnotes":""},"class_list":["post-237450","page","type-page","status-publish","hentry"],"yoast_head":"<!-- This site is optimized with the Yoast SEO plugin v23.5 - https:\/\/yoast.com\/wordpress\/plugins\/seo\/ -->\n<title>Pol\u00edtica de privacidad - SOL Coworking<\/title>\n<meta name=\"robots\" content=\"index, follow, max-snippet:-1, max-image-preview:large, max-video-preview:-1\" \/>\n<link rel=\"canonical\" href=\"https:\/\/solcoworking.com\/en\/politica-de-privacidad\/\" \/>\n<meta property=\"og:locale\" content=\"en_GB\" \/>\n<meta property=\"og:type\" content=\"article\" \/>\n<meta property=\"og:title\" content=\"Pol\u00edtica de privacidad - SOL Coworking\" \/>\n<meta property=\"og:description\" content=\"La presente Pol\u00edtica de Privacidad regula el uso del servicio del portal de Internet con direcci\u00f3n , cuyo responsable a efectos identificativos es: Responsable: CARMEN MU\u00d1OZ CHAMORRO (SOL COWORKING) NIF: 74921655Y Direcci\u00f3n: C\/ NUEVA 26 BAJO 2 Tel\u00e9fono: 661563620 Mail: INFO@SOLCOWORKING.COM Finalidad, \u00bfPara qu\u00e9 tratamos sus datos? A efecto de lo previsto en RGPD de [&hellip;]\" \/>\n<meta property=\"og:url\" content=\"https:\/\/solcoworking.com\/en\/politica-de-privacidad\/\" \/>\n<meta property=\"og:site_name\" content=\"SOL Coworking\" \/>\n<meta property=\"article:modified_time\" content=\"2024-08-25T18:00:07+00:00\" \/>\n<meta name=\"twitter:card\" content=\"summary_large_image\" \/>\n<meta name=\"twitter:label1\" content=\"Estimated reading time\" \/>\n\t<meta name=\"twitter:data1\" content=\"5 minutes\" \/>\n<script type=\"application\/ld+json\" class=\"yoast-schema-graph\">{\"@context\":\"https:\/\/schema.org\",\"@graph\":[{\"@type\":\"WebPage\",\"@id\":\"https:\/\/solcoworking.com\/politica-de-privacidad\/\",\"url\":\"https:\/\/solcoworking.com\/politica-de-privacidad\/\",\"name\":\"Pol\u00edtica de privacidad - SOL Coworking\",\"isPartOf\":{\"@id\":\"https:\/\/solcoworking.com\/#website\"},\"datePublished\":\"2024-07-25T18:16:20+00:00\",\"dateModified\":\"2024-08-25T18:00:07+00:00\",\"breadcrumb\":{\"@id\":\"https:\/\/solcoworking.com\/politica-de-privacidad\/#breadcrumb\"},\"inLanguage\":\"en-GB\",\"potentialAction\":[{\"@type\":\"ReadAction\",\"target\":[\"https:\/\/solcoworking.com\/politica-de-privacidad\/\"]}]},{\"@type\":\"BreadcrumbList\",\"@id\":\"https:\/\/solcoworking.com\/politica-de-privacidad\/#breadcrumb\",\"itemListElement\":[{\"@type\":\"ListItem\",\"position\":1,\"name\":\"Portada\",\"item\":\"https:\/\/solcoworking.com\/\"},{\"@type\":\"ListItem\",\"position\":2,\"name\":\"Pol\u00edtica de privacidad\"}]},{\"@type\":\"WebSite\",\"@id\":\"https:\/\/solcoworking.com\/#website\",\"url\":\"https:\/\/solcoworking.com\/\",\"name\":\"SOL Coworking\",\"description\":\"Mucho m\u00e1s que un lugar de trabajo\",\"potentialAction\":[{\"@type\":\"SearchAction\",\"target\":{\"@type\":\"EntryPoint\",\"urlTemplate\":\"https:\/\/solcoworking.com\/?s={search_term_string}\"},\"query-input\":{\"@type\":\"PropertyValueSpecification\",\"valueRequired\":true,\"valueName\":\"search_term_string\"}}],\"inLanguage\":\"en-GB\"}]}<\/script>\n<!-- \/ Yoast SEO plugin. -->","yoast_head_json":{"title":"Pol\u00edtica de privacidad - SOL Coworking","robots":{"index":"index","follow":"follow","max-snippet":"max-snippet:-1","max-image-preview":"max-image-preview:large","max-video-preview":"max-video-preview:-1"},"canonical":"https:\/\/solcoworking.com\/en\/politica-de-privacidad\/","og_locale":"en_GB","og_type":"article","og_title":"Pol\u00edtica de privacidad - SOL Coworking","og_description":"La presente Pol\u00edtica de Privacidad regula el uso del servicio del portal de Internet con direcci\u00f3n , cuyo responsable a efectos identificativos es: Responsable: CARMEN MU\u00d1OZ CHAMORRO (SOL COWORKING) NIF: 74921655Y Direcci\u00f3n: C\/ NUEVA 26 BAJO 2 Tel\u00e9fono: 661563620 Mail: INFO@SOLCOWORKING.COM Finalidad, \u00bfPara qu\u00e9 tratamos sus datos? A efecto de lo previsto en RGPD de [&hellip;]","og_url":"https:\/\/solcoworking.com\/en\/politica-de-privacidad\/","og_site_name":"SOL Coworking","article_modified_time":"2024-08-25T18:00:07+00:00","twitter_card":"summary_large_image","twitter_misc":{"Estimated reading time":"5 minutes"},"schema":{"@context":"https:\/\/schema.org","@graph":[{"@type":"WebPage","@id":"https:\/\/solcoworking.com\/politica-de-privacidad\/","url":"https:\/\/solcoworking.com\/politica-de-privacidad\/","name":"Pol\u00edtica de privacidad - SOL Coworking","isPartOf":{"@id":"https:\/\/solcoworking.com\/#website"},"datePublished":"2024-07-25T18:16:20+00:00","dateModified":"2024-08-25T18:00:07+00:00","breadcrumb":{"@id":"https:\/\/solcoworking.com\/politica-de-privacidad\/#breadcrumb"},"inLanguage":"en-GB","potentialAction":[{"@type":"ReadAction","target":["https:\/\/solcoworking.com\/politica-de-privacidad\/"]}]},{"@type":"BreadcrumbList","@id":"https:\/\/solcoworking.com\/politica-de-privacidad\/#breadcrumb","itemListElement":[{"@type":"ListItem","position":1,"name":"Portada","item":"https:\/\/solcoworking.com\/"},{"@type":"ListItem","position":2,"name":"Pol\u00edtica de privacidad"}]},{"@type":"WebSite","@id":"https:\/\/solcoworking.com\/#website","url":"https:\/\/solcoworking.com\/","name":"SOL Coworking","description":"Mucho m\u00e1s que un lugar de trabajo","potentialAction":[{"@type":"SearchAction","target":{"@type":"EntryPoint","urlTemplate":"https:\/\/solcoworking.com\/?s={search_term_string}"},"query-input":{"@type":"PropertyValueSpecification","valueRequired":true,"valueName":"search_term_string"}}],"inLanguage":"en-GB"}]}},"_links":{"self":[{"href":"https:\/\/solcoworking.com\/en\/wp-json\/wp\/v2\/pages\/237450","targetHints":{"allow":["GET"]}}],"collection":[{"href":"https:\/\/solcoworking.com\/en\/wp-json\/wp\/v2\/pages"}],"about":[{"href":"https:\/\/solcoworking.com\/en\/wp-json\/wp\/v2\/types\/page"}],"author":[{"embeddable":true,"href":"https:\/\/solcoworking.com\/en\/wp-json\/wp\/v2\/users\/1"}],"replies":[{"embeddable":true,"href":"https:\/\/solcoworking.com\/en\/wp-json\/wp\/v2\/comments?post=237450"}],"version-history":[{"count":4,"href":"https:\/\/solcoworking.com\/en\/wp-json\/wp\/v2\/pages\/237450\/revisions"}],"predecessor-version":[{"id":237819,"href":"https:\/\/solcoworking.com\/en\/wp-json\/wp\/v2\/pages\/237450\/revisions\/237819"}],"wp:attachment":[{"href":"https:\/\/solcoworking.com\/en\/wp-json\/wp\/v2\/media?parent=237450"}],"curies":[{"name":"wp","href":"https:\/\/api.w.org\/{rel}","templated":true}]}}