{"id":237444,"date":"2024-07-25T20:03:47","date_gmt":"2024-07-25T18:03:47","guid":{"rendered":"https:\/\/solcoworking.com\/?page_id=237444"},"modified":"2024-08-25T20:02:08","modified_gmt":"2024-08-25T18:02:08","slug":"aviso-legal","status":"publish","type":"page","link":"https:\/\/solcoworking.com\/en\/aviso-legal\/","title":{"rendered":"Legal Notice"},"content":{"rendered":"<p>[et_pb_section fb_built=\u00bb1&#8243; _builder_version=\u00bb4.27.0&#8243; _module_preset=\u00bbdefault\u00bb global_colors_info=\u00bb{}\u00bb][et_pb_row _builder_version=\u00bb4.27.0&#8243; _module_preset=\u00bbdefault\u00bb global_colors_info=\u00bb{}\u00bb][et_pb_column type=\u00bb4_4&#8243; _builder_version=\u00bb4.27.0&#8243; _module_preset=\u00bbdefault\u00bb global_colors_info=\u00bb{}\u00bb][et_pb_text _builder_version=\u00bb4.27.0&#8243; _dynamic_attributes=\u00bbcontent\u00bb _module_preset=\u00bbdefault\u00bb text_orientation=\u00bbcenter\u00bb hover_enabled=\u00bb0&#8243; global_colors_info=\u00bb{}\u00bb sticky_enabled=\u00bb0&#8243;]@ET-DC@eyJkeW5hbWljIjp0cnVlLCJjb250ZW50IjoicG9zdF90aXRsZSIsInNldHRpbmdzIjp7ImJlZm9yZSI6IjxIMT4iLCJhZnRlciI6IjwvSDE+In19@[\/et_pb_text][et_pb_text _builder_version=\u00bb4.27.0&#8243; _module_preset=\u00bbdefault\u00bb hover_enabled=\u00bb0&#8243; global_colors_info=\u00bb{}\u00bb sticky_enabled=\u00bb0&#8243;]<\/p>\n<p>The following legal notice governs the use of the online portal service located at this website, for which the identifiable responsible party is:<\/p>\n<ul>\n<li>Responsible: CARMEN MU\u00d1OZ CHAMORRO (SOL COWORKING)<\/li>\n<li>Tax ID: NIF: 74921655Y<\/li>\n<li>Address: C\/ NUEVA 26 BAJO 2<\/li>\n<li>Phone 661563620<\/li>\n<li>Mail: INFO@SOLCOWORKING.COM<\/li>\n<\/ul>\n<p><strong><u>Legislation<\/u><\/strong><\/p>\n<p>In general, the relations between CARMEN MU\u00d1OZ CHAMORRO (SOL COWORKING) ] and the Users of its telematic services,\npresent on the website, are subject to Spanish legislation and jurisdiction.<\/p>\n<p>Both parties expressly waive any jurisdiction that may correspond to them and expressly submit\nto the Courts and Tribunals of Malaga to resolve any controversy that may arise in the\ninterpretation or execution of these contractual conditions.<\/p>\n<p><strong><u>Content and Use<\/u><\/strong><\/p>\n<p>The User is informed, and accepts, that accessing this website does not imply, in any way, the\nbeginning of a business relationship with CARMEN MU\u00d1OZ CHAMORRO (SOL COWORKING).<\/p>\n<p>The owner of the website does not identify with the opinions expressed on it by its contributors.\nThe Company reserves the right to make, without prior notice, any modifications it deems\nappropriate on its website, being able to change, delete or add both the content and services\nprovided through it and the way in which they are presented or located on its servers.<\/p>\n<p><strong><u>Intellectual and Industrial Property<\/u><\/strong><\/p>\n<p>The intellectual property rights of the content of the web pages, their graphic design, and codes belong to CARMEN MU\u00d1OZ CHAMORRO (SOL COWORKING), and therefore, their reproduction, distribution, public communication, transformation, or any other activity that can be carried out with the contents of its web pages is prohibited, even if sources are cited, without the written consent of CARMEN MU\u00d1OZ CHAMORRO (SOL COWORKING). All trade names, trademarks, or distinctive signs of any kind contained on the Company's web pages are the property of their owners and are protected by law.<\/p>\n<p><strong><u>Links (Hyperlinks)<\/u><\/strong><\/p>\n<p>The presence of links (hyperlinks) on the web pages of CARMEN MU\u00d1OZ CHAMORRO (SOL COWORKING) is purely for\ninformational purposes and in no case implies a suggestion, invitation, or recommendation\nregarding them.<\/p>\n<p>&nbsp;<\/p>\n<p>[\/et_pb_text][\/et_pb_column][\/et_pb_row][\/et_pb_section]<\/p>","protected":false},"excerpt":{"rendered":"<p>El presente Aviso Legal regula el uso del servicio del portal de Internet con direcci\u00f3n , cuyo responsable a efectos identificativos es: Responsable: CARMEN MU\u00d1OZ CHAMORRO (SOL COWORKING) NIF: 74921655Y Direcci\u00f3n: C\/ NUEVA 26 BAJO 2 Tel\u00e9fono: 661563620 Mail: INFO@SOLCOWORKING.COM Legislaci\u00f3n Con car\u00e1cter general las relaciones entre CARMEN MU\u00d1OZ CHAMORRO (SOL COWORKING) con los Usuarios [&hellip;]<\/p>","protected":false},"author":1,"featured_media":0,"parent":0,"menu_order":0,"comment_status":"closed","ping_status":"closed","template":"","meta":{"_et_pb_use_builder":"on","_et_pb_old_content":"","_et_gb_content_width":"","footnotes":""},"class_list":["post-237444","page","type-page","status-publish","hentry"],"yoast_head":"<!-- This site is optimized with the Yoast SEO plugin v23.5 - https:\/\/yoast.com\/wordpress\/plugins\/seo\/ -->\n<title>Aviso Legal - SOL Coworking<\/title>\n<meta name=\"robots\" content=\"index, follow, max-snippet:-1, max-image-preview:large, max-video-preview:-1\" \/>\n<link rel=\"canonical\" href=\"https:\/\/solcoworking.com\/en\/aviso-legal\/\" \/>\n<meta property=\"og:locale\" content=\"en_GB\" \/>\n<meta property=\"og:type\" content=\"article\" \/>\n<meta property=\"og:title\" content=\"Aviso Legal - SOL Coworking\" \/>\n<meta property=\"og:description\" content=\"El presente Aviso Legal regula el uso del servicio del portal de Internet con direcci\u00f3n , cuyo responsable a efectos identificativos es: Responsable: CARMEN MU\u00d1OZ CHAMORRO (SOL COWORKING) NIF: 74921655Y Direcci\u00f3n: C\/ NUEVA 26 BAJO 2 Tel\u00e9fono: 661563620 Mail: INFO@SOLCOWORKING.COM Legislaci\u00f3n Con car\u00e1cter general las relaciones entre CARMEN MU\u00d1OZ CHAMORRO (SOL COWORKING) con los Usuarios [&hellip;]\" \/>\n<meta property=\"og:url\" content=\"https:\/\/solcoworking.com\/en\/aviso-legal\/\" \/>\n<meta property=\"og:site_name\" content=\"SOL Coworking\" \/>\n<meta property=\"article:modified_time\" content=\"2024-08-25T18:02:08+00:00\" \/>\n<meta name=\"twitter:card\" content=\"summary_large_image\" \/>\n<meta name=\"twitter:label1\" content=\"Estimated reading time\" \/>\n\t<meta name=\"twitter:data1\" content=\"2 minutes\" \/>\n<script type=\"application\/ld+json\" class=\"yoast-schema-graph\">{\"@context\":\"https:\/\/schema.org\",\"@graph\":[{\"@type\":\"WebPage\",\"@id\":\"https:\/\/solcoworking.com\/aviso-legal\/\",\"url\":\"https:\/\/solcoworking.com\/aviso-legal\/\",\"name\":\"Aviso Legal - SOL Coworking\",\"isPartOf\":{\"@id\":\"https:\/\/solcoworking.com\/#website\"},\"datePublished\":\"2024-07-25T18:03:47+00:00\",\"dateModified\":\"2024-08-25T18:02:08+00:00\",\"breadcrumb\":{\"@id\":\"https:\/\/solcoworking.com\/aviso-legal\/#breadcrumb\"},\"inLanguage\":\"en-GB\",\"potentialAction\":[{\"@type\":\"ReadAction\",\"target\":[\"https:\/\/solcoworking.com\/aviso-legal\/\"]}]},{\"@type\":\"BreadcrumbList\",\"@id\":\"https:\/\/solcoworking.com\/aviso-legal\/#breadcrumb\",\"itemListElement\":[{\"@type\":\"ListItem\",\"position\":1,\"name\":\"Portada\",\"item\":\"https:\/\/solcoworking.com\/\"},{\"@type\":\"ListItem\",\"position\":2,\"name\":\"Aviso Legal\"}]},{\"@type\":\"WebSite\",\"@id\":\"https:\/\/solcoworking.com\/#website\",\"url\":\"https:\/\/solcoworking.com\/\",\"name\":\"SOL Coworking\",\"description\":\"Mucho m\u00e1s que un lugar de trabajo\",\"potentialAction\":[{\"@type\":\"SearchAction\",\"target\":{\"@type\":\"EntryPoint\",\"urlTemplate\":\"https:\/\/solcoworking.com\/?s={search_term_string}\"},\"query-input\":{\"@type\":\"PropertyValueSpecification\",\"valueRequired\":true,\"valueName\":\"search_term_string\"}}],\"inLanguage\":\"en-GB\"}]}<\/script>\n<!-- \/ Yoast SEO plugin. -->","yoast_head_json":{"title":"Aviso Legal - SOL Coworking","robots":{"index":"index","follow":"follow","max-snippet":"max-snippet:-1","max-image-preview":"max-image-preview:large","max-video-preview":"max-video-preview:-1"},"canonical":"https:\/\/solcoworking.com\/en\/aviso-legal\/","og_locale":"en_GB","og_type":"article","og_title":"Aviso Legal - SOL Coworking","og_description":"El presente Aviso Legal regula el uso del servicio del portal de Internet con direcci\u00f3n , cuyo responsable a efectos identificativos es: Responsable: CARMEN MU\u00d1OZ CHAMORRO (SOL COWORKING) NIF: 74921655Y Direcci\u00f3n: C\/ NUEVA 26 BAJO 2 Tel\u00e9fono: 661563620 Mail: INFO@SOLCOWORKING.COM Legislaci\u00f3n Con car\u00e1cter general las relaciones entre CARMEN MU\u00d1OZ CHAMORRO (SOL COWORKING) con los Usuarios [&hellip;]","og_url":"https:\/\/solcoworking.com\/en\/aviso-legal\/","og_site_name":"SOL Coworking","article_modified_time":"2024-08-25T18:02:08+00:00","twitter_card":"summary_large_image","twitter_misc":{"Estimated reading time":"2 minutes"},"schema":{"@context":"https:\/\/schema.org","@graph":[{"@type":"WebPage","@id":"https:\/\/solcoworking.com\/aviso-legal\/","url":"https:\/\/solcoworking.com\/aviso-legal\/","name":"Aviso Legal - SOL Coworking","isPartOf":{"@id":"https:\/\/solcoworking.com\/#website"},"datePublished":"2024-07-25T18:03:47+00:00","dateModified":"2024-08-25T18:02:08+00:00","breadcrumb":{"@id":"https:\/\/solcoworking.com\/aviso-legal\/#breadcrumb"},"inLanguage":"en-GB","potentialAction":[{"@type":"ReadAction","target":["https:\/\/solcoworking.com\/aviso-legal\/"]}]},{"@type":"BreadcrumbList","@id":"https:\/\/solcoworking.com\/aviso-legal\/#breadcrumb","itemListElement":[{"@type":"ListItem","position":1,"name":"Portada","item":"https:\/\/solcoworking.com\/"},{"@type":"ListItem","position":2,"name":"Aviso Legal"}]},{"@type":"WebSite","@id":"https:\/\/solcoworking.com\/#website","url":"https:\/\/solcoworking.com\/","name":"SOL Coworking","description":"Mucho m\u00e1s que un lugar de trabajo","potentialAction":[{"@type":"SearchAction","target":{"@type":"EntryPoint","urlTemplate":"https:\/\/solcoworking.com\/?s={search_term_string}"},"query-input":{"@type":"PropertyValueSpecification","valueRequired":true,"valueName":"search_term_string"}}],"inLanguage":"en-GB"}]}},"_links":{"self":[{"href":"https:\/\/solcoworking.com\/en\/wp-json\/wp\/v2\/pages\/237444","targetHints":{"allow":["GET"]}}],"collection":[{"href":"https:\/\/solcoworking.com\/en\/wp-json\/wp\/v2\/pages"}],"about":[{"href":"https:\/\/solcoworking.com\/en\/wp-json\/wp\/v2\/types\/page"}],"author":[{"embeddable":true,"href":"https:\/\/solcoworking.com\/en\/wp-json\/wp\/v2\/users\/1"}],"replies":[{"embeddable":true,"href":"https:\/\/solcoworking.com\/en\/wp-json\/wp\/v2\/comments?post=237444"}],"version-history":[{"count":5,"href":"https:\/\/solcoworking.com\/en\/wp-json\/wp\/v2\/pages\/237444\/revisions"}],"predecessor-version":[{"id":237820,"href":"https:\/\/solcoworking.com\/en\/wp-json\/wp\/v2\/pages\/237444\/revisions\/237820"}],"wp:attachment":[{"href":"https:\/\/solcoworking.com\/en\/wp-json\/wp\/v2\/media?parent=237444"}],"curies":[{"name":"wp","href":"https:\/\/api.w.org\/{rel}","templated":true}]}}